{"id":9,"date":"2022-11-17T06:49:38","date_gmt":"2022-11-17T06:49:38","guid":{"rendered":"https:\/\/xada.kewomedia.com\/?page_id=9"},"modified":"2023-04-21T08:09:18","modified_gmt":"2023-04-21T08:09:18","slug":"inicio","status":"publish","type":"page","link":"https:\/\/alianzatecnicasenergeticas.com\/ar\/","title":{"rendered":"Inicio"},"content":{"rendered":"<div data-elementor-type=\"wp-post\" data-elementor-id=\"9\" class=\"elementor elementor-9\" data-elementor-post-type=\"page\">\n\t\t\t\t<div class=\"elementor-element elementor-element-5b1351b e-con-full e-flex e-con e-parent\" data-id=\"5b1351b\" data-element_type=\"container\">\n\t\t<div class=\"elementor-element elementor-element-cea2492 e-flex e-con-boxed e-con e-child\" data-id=\"cea2492\" data-element_type=\"container\">\n\t\t\t\t\t<div class=\"e-con-inner\">\n\t\t\t\t<div class=\"elementor-element elementor-element-0526c5d hidden elementor-widget elementor-widget-heading\" data-id=\"0526c5d\" data-element_type=\"widget\" data-widget_type=\"heading.default\">\n\t\t\t\t<div class=\"elementor-widget-container\">\n\t\t\t\t\t<h2 class=\"elementor-heading-title elementor-size-default\">Reiki<\/h2>\t\t\t\t<\/div>\n\t\t\t\t<\/div>\n\t\t\t\t<div class=\"elementor-element elementor-element-45ba631 inicio_img-ventana elementor-widget elementor-widget-image\" data-id=\"45ba631\" data-element_type=\"widget\" data-widget_type=\"image.default\">\n\t\t\t\t<div class=\"elementor-widget-container\">\n\t\t\t\t\t\t\t\t\t\t\t\t\t\t\t<img fetchpriority=\"high\" decoding=\"async\" width=\"800\" height=\"450\" src=\"https:\/\/alianzatecnicasenergeticas.com\/wp-content\/uploads\/2022\/12\/BeliarHorror_reiki_in_the_style_of_Anne_Stokes_hyperrealistic_m-1024x576.png\" class=\"attachment-large size-large wp-image-103\" alt=\"\" srcset=\"https:\/\/alianzatecnicasenergeticas.com\/wp-content\/uploads\/2022\/12\/BeliarHorror_reiki_in_the_style_of_Anne_Stokes_hyperrealistic_m-1024x576.png 1024w, https:\/\/alianzatecnicasenergeticas.com\/wp-content\/uploads\/2022\/12\/BeliarHorror_reiki_in_the_style_of_Anne_Stokes_hyperrealistic_m-300x169.png 300w, https:\/\/alianzatecnicasenergeticas.com\/wp-content\/uploads\/2022\/12\/BeliarHorror_reiki_in_the_style_of_Anne_Stokes_hyperrealistic_m-768x432.png 768w, https:\/\/alianzatecnicasenergeticas.com\/wp-content\/uploads\/2022\/12\/BeliarHorror_reiki_in_the_style_of_Anne_Stokes_hyperrealistic_m-1536x864.png 1536w, https:\/\/alianzatecnicasenergeticas.com\/wp-content\/uploads\/2022\/12\/BeliarHorror_reiki_in_the_style_of_Anne_Stokes_hyperrealistic_m.png 1920w\" sizes=\"(max-width: 800px) 100vw, 800px\" \/>\t\t\t\t\t\t\t\t\t\t\t\t\t\t\t<\/div>\n\t\t\t\t<\/div>\n\t\t\t\t<div class=\"elementor-element elementor-element-3ca7d41 elementor-widget elementor-widget-heading\" data-id=\"3ca7d41\" data-element_type=\"widget\" data-widget_type=\"heading.default\">\n\t\t\t\t<div class=\"elementor-widget-container\">\n\t\t\t\t\t<h1 class=\"elementor-heading-title elementor-size-default\">\u0627\u0644\u0631\u0627\u0628\u0637\u0629 \u0627\u0644\u0627\u0633\u0628\u0627\u0646\u064a\u0629 \u0644\u062a\u0642\u0646\u064a\u0627\u062a \u0627\u0644\u0637\u0627\u0642\u0629<\/h1>\t\t\t\t<\/div>\n\t\t\t\t<\/div>\n\t\t\t\t\t<\/div>\n\t\t\t\t<\/div>\n\t\t<div class=\"elementor-element elementor-element-49a5103 e-flex e-con-boxed e-con e-child\" data-id=\"49a5103\" data-element_type=\"container\">\n\t\t\t\t\t<div class=\"e-con-inner\">\n\t\t<div class=\"elementor-element elementor-element-9b1b7ed e-con-full e-flex e-con e-child\" data-id=\"9b1b7ed\" data-element_type=\"container\">\n\t\t\t\t<div class=\"elementor-element elementor-element-362907c elementor-widget__width-initial elementor-widget elementor-widget-heading\" data-id=\"362907c\" data-element_type=\"widget\" data-widget_type=\"heading.default\">\n\t\t\t\t<div class=\"elementor-widget-container\">\n\t\t\t\t\t<h2 class=\"elementor-heading-title elementor-size-default\">\u0648\u0627\u0632\u0646 \u0628\u064a\u0646 \u062c\u0633\u062f\u0643 \u0648\u0639\u0642\u0644\u0643<\/h2>\t\t\t\t<\/div>\n\t\t\t\t<\/div>\n\t\t\t\t<\/div>\n\t\t<div class=\"elementor-element elementor-element-5c0a9be e-con-full e-flex e-con e-child\" data-id=\"5c0a9be\" data-element_type=\"container\">\n\t\t<div class=\"elementor-element elementor-element-e87d850 e-con-full e-flex e-con e-child\" data-id=\"e87d850\" data-element_type=\"container\">\n\t\t\t\t<div class=\"elementor-element elementor-element-5f0895d elementor-widget elementor-widget-heading\" data-id=\"5f0895d\" data-element_type=\"widget\" data-widget_type=\"heading.default\">\n\t\t\t\t<div class=\"elementor-widget-container\">\n\t\t\t\t\t<h2 class=\"elementor-heading-title elementor-size-default translation-block\">\u0627\u0644\u062c\u0631\u0627\u062d\u0629 \u0627\u0644\u0646\u062c\u0645\u064a\u0629<\/h2>\t\t\t\t<\/div>\n\t\t\t\t<\/div>\n\t\t\t\t<div class=\"elementor-element elementor-element-3d59fb1 elementor-widget elementor-widget-text-editor\" data-id=\"3d59fb1\" data-element_type=\"widget\" data-widget_type=\"text-editor.default\">\n\t\t\t\t<div class=\"elementor-widget-container\">\n\t\t\t\t\t\t\t\t\t<p>\u0627\u0644\u062c\u0631\u0627\u062d\u0629 \u0627\u0644\u0646\u062c\u0645\u064a\u0629 \u0647\u064a \u062a\u0642\u0646\u064a\u0629 \u0627\u0633\u062a\u062e\u062f\u0645\u062a\u0647\u0627 \u0627\u0644\u062d\u0636\u0627\u0631\u0627\u062a \u0627\u0644\u0642\u062f\u064a\u0645\u0629 \u0645\u062b\u0644 \u062d\u0636\u0627\u0631\u0629 \u0627\u0644\u0645\u0627\u064a\u0627 \u0648\u0627\u0644\u0645\u0635\u0631\u064a\u064a\u0646 \u0627\u0644\u0642\u062f\u0645\u0627\u0621 \u0648\u0627\u0644\u0623\u0637\u0644\u0646\u0637\u064a\u064a\u0646 \u060c \u0648\u0627\u0644\u064a\u0648\u0645 \u064a\u062a\u0645 \u0627\u0633\u062a\u062e\u062f\u0627\u0645 \u0646\u0633\u062e\u0629 \u062d\u062f\u064a\u062b\u0629 \u0645\u0639 \u0627\u0644\u0631\u064a\u0643\u064a.<\/p>\t\t\t\t\t\t\t\t<\/div>\n\t\t\t\t<\/div>\n\t\t\t\t<div class=\"elementor-element elementor-element-9e34098 elementor-mobile-align-center elementor-widget elementor-widget-button\" data-id=\"9e34098\" data-element_type=\"widget\" data-widget_type=\"button.default\">\n\t\t\t\t<div class=\"elementor-widget-container\">\n\t\t\t\t\t\t\t\t\t<div class=\"elementor-button-wrapper\">\n\t\t\t\t\t<a class=\"elementor-button elementor-button-link elementor-size-md\" href=\"https:\/\/alianzatecnicasenergeticas.com\/ar\/cirugia-astral\/\">\n\t\t\t\t\t\t<span class=\"elementor-button-content-wrapper\">\n\t\t\t\t\t\t\t\t\t<span class=\"elementor-button-text\">\u0627\u0630\u0647\u0628 \u0625\u0644\u0649 \u0627\u0644\u0639\u0644\u0627\u062c<\/span>\n\t\t\t\t\t<\/span>\n\t\t\t\t\t<\/a>\n\t\t\t\t<\/div>\n\t\t\t\t\t\t\t\t<\/div>\n\t\t\t\t<\/div>\n\t\t\t\t<\/div>\n\t\t<div class=\"elementor-element elementor-element-8bb6cd2 e-con-full e-flex e-con e-child\" data-id=\"8bb6cd2\" data-element_type=\"container\">\n\t\t\t\t<div class=\"elementor-element elementor-element-4907afc elementor-widget elementor-widget-heading\" data-id=\"4907afc\" data-element_type=\"widget\" data-widget_type=\"heading.default\">\n\t\t\t\t<div class=\"elementor-widget-container\">\n\t\t\t\t\t<h2 class=\"elementor-heading-title elementor-size-default\"><a href=\"#\">\u062c\u0644\u0633\u0627\u062a \u0627\u0644\u0631\u064a\u0643\u064a<\/a><\/h2>\t\t\t\t<\/div>\n\t\t\t\t<\/div>\n\t\t\t\t<div class=\"elementor-element elementor-element-6146514 elementor-widget elementor-widget-text-editor\" data-id=\"6146514\" data-element_type=\"widget\" data-widget_type=\"text-editor.default\">\n\t\t\t\t<div class=\"elementor-widget-container\">\n\t\t\t\t\t\t\t\t\t<p>\u0627\u0644\u0631\u064a\u0643\u064a \u0647\u0648 \u0639\u0644\u0627\u062c \u0634\u0641\u0627\u0621 \u0639\u0645\u064a\u0642 \u064a\u0646\u0634\u0637 \u060c \u0645\u0646 \u062e\u0644\u0627\u0644 \u0627\u0647\u062a\u0632\u0627\u0632 \u0627\u0644\u0631\u064a\u0643\u064a \u060c \u0627\u0644\u0637\u0627\u0642\u0629 \u0627\u0644\u062d\u064a\u0648\u064a\u0629 \u0648\u0642\u0648\u0629 \u0627\u0644\u0634\u0641\u0627\u0621 \u0627\u0644\u0637\u0628\u064a\u0639\u064a\u0629 \u0648\u0627\u0644\u0642\u062f\u0631\u0629 \u0627\u0644\u0645\u0646\u0627\u0639\u064a\u0629.<\/p>\t\t\t\t\t\t\t\t<\/div>\n\t\t\t\t<\/div>\n\t\t\t\t<div class=\"elementor-element elementor-element-45b640a elementor-widget elementor-widget-button\" data-id=\"45b640a\" data-element_type=\"widget\" data-widget_type=\"button.default\">\n\t\t\t\t<div class=\"elementor-widget-container\">\n\t\t\t\t\t\t\t\t\t<div class=\"elementor-button-wrapper\">\n\t\t\t\t\t<a class=\"elementor-button elementor-button-link elementor-size-md\" href=\"https:\/\/alianzatecnicasenergeticas.com\/ar\/reiki\/\">\n\t\t\t\t\t\t<span class=\"elementor-button-content-wrapper\">\n\t\t\t\t\t\t\t\t\t<span class=\"elementor-button-text\">\u0627\u0630\u0647\u0628 \u0625\u0644\u0649 \u0627\u0644\u0639\u0644\u0627\u062c<\/span>\n\t\t\t\t\t<\/span>\n\t\t\t\t\t<\/a>\n\t\t\t\t<\/div>\n\t\t\t\t\t\t\t\t<\/div>\n\t\t\t\t<\/div>\n\t\t\t\t<\/div>\n\t\t<div class=\"elementor-element elementor-element-b976908 e-con-full e-flex e-con e-child\" data-id=\"b976908\" data-element_type=\"container\">\n\t\t\t\t<div class=\"elementor-element elementor-element-020b0c4 elementor-widget elementor-widget-image\" data-id=\"020b0c4\" data-element_type=\"widget\" data-widget_type=\"image.default\">\n\t\t\t\t<div class=\"elementor-widget-container\">\n\t\t\t\t\t\t\t\t\t\t\t\t\t\t\t<img decoding=\"async\" width=\"786\" height=\"7\" src=\"https:\/\/alianzatecnicasenergeticas.com\/wp-content\/uploads\/2022\/11\/SEPARADOR.svg\" class=\"attachment-large size-large wp-image-33\" alt=\"\" \/>\t\t\t\t\t\t\t\t\t\t\t\t\t\t\t<\/div>\n\t\t\t\t<\/div>\n\t\t\t\t<\/div>\n\t\t<div class=\"elementor-element elementor-element-50dfcfd e-con-full e-flex e-con e-child\" data-id=\"50dfcfd\" data-element_type=\"container\">\n\t\t\t\t<div class=\"elementor-element elementor-element-e9b2f97 elementor-widget elementor-widget-heading\" data-id=\"e9b2f97\" data-element_type=\"widget\" data-widget_type=\"heading.default\">\n\t\t\t\t<div class=\"elementor-widget-container\">\n\t\t\t\t\t<h2 class=\"elementor-heading-title elementor-size-default translation-block\">\u062c\u0644\u0633\u0627\u062a \u0627\u0633\u062a\u0639\u0627\u062f\u0629 \u0627\u0644\u0630\u0627\u0643\u0631\u0629<\/h2>\t\t\t\t<\/div>\n\t\t\t\t<\/div>\n\t\t\t\t<div class=\"elementor-element elementor-element-0de0a36 elementor-widget elementor-widget-text-editor\" data-id=\"0de0a36\" data-element_type=\"widget\" data-widget_type=\"text-editor.default\">\n\t\t\t\t<div class=\"elementor-widget-container\">\n\t\t\t\t\t\t\t\t\t<p>\u0627\u0644\u0639\u0644\u0627\u062c \u0628\u0627\u0633\u062a\u0639\u0627\u062f\u0629 \u0627\u0644\u0630\u0627\u0643\u0631\u0629 \u0647\u0648 \u0637\u0631\u064a\u0642\u0629 \u0628\u062f\u064a\u0644\u0629 \u0644\u0639\u0644\u0627\u062c \u0627\u0644\u0645\u0634\u0627\u0643\u0644 \u0627\u0644\u0639\u0627\u0637\u0641\u064a\u0629 \u0627\u0644\u062a\u064a \u0644\u0627 \u064a\u0645\u0643\u0646 \u062a\u0641\u0633\u064a\u0631 \u0633\u0628\u0628\u0647\u0627 \u060c \u0645\u0646 \u062e\u0644\u0627\u0644 \u0627\u0633\u062a\u0639\u0627\u062f\u0629 \u0627\u0644\u062a\u062c\u0627\u0631\u0628 \u0623\u0648 \u0627\u0644\u0623\u062d\u062f\u0627\u062b \u0627\u0644\u0633\u0627\u0628\u0642\u0629 \u0627\u0644\u062a\u064a \u0646\u0633\u064a\u0646\u0627\u0647\u0627 \u060c \u0641\u064a \u0647\u0630\u0647 \u0627\u0644\u062d\u064a\u0627\u0629 \u0623\u0648 \u0641\u064a \u0627\u0644\u062d\u064a\u0627\u0629 \u0627\u0644\u0645\u0627\u0636\u064a\u0629.<\/p>\t\t\t\t\t\t\t\t<\/div>\n\t\t\t\t<\/div>\n\t\t\t\t<div class=\"elementor-element elementor-element-263a05b elementor-widget elementor-widget-button\" data-id=\"263a05b\" data-element_type=\"widget\" data-widget_type=\"button.default\">\n\t\t\t\t<div class=\"elementor-widget-container\">\n\t\t\t\t\t\t\t\t\t<div class=\"elementor-button-wrapper\">\n\t\t\t\t\t<a class=\"elementor-button elementor-button-link elementor-size-md\" href=\"https:\/\/alianzatecnicasenergeticas.com\/ar\/terapia-regresiva\/\">\n\t\t\t\t\t\t<span class=\"elementor-button-content-wrapper\">\n\t\t\t\t\t\t\t\t\t<span class=\"elementor-button-text\">\u0627\u0630\u0647\u0628 \u0625\u0644\u0649 \u0627\u0644\u0639\u0644\u0627\u062c<\/span>\n\t\t\t\t\t<\/span>\n\t\t\t\t\t<\/a>\n\t\t\t\t<\/div>\n\t\t\t\t\t\t\t\t<\/div>\n\t\t\t\t<\/div>\n\t\t\t\t<\/div>\n\t\t<div class=\"elementor-element elementor-element-a01ba97 e-con-full e-flex e-con e-child\" data-id=\"a01ba97\" data-element_type=\"container\">\n\t\t\t\t<div class=\"elementor-element elementor-element-2260132 elementor-widget elementor-widget-heading\" data-id=\"2260132\" data-element_type=\"widget\" data-widget_type=\"heading.default\">\n\t\t\t\t<div class=\"elementor-widget-container\">\n\t\t\t\t\t<h2 class=\"elementor-heading-title elementor-size-default\"><a href=\"#\">\u0642\u0631\u0627\u0621\u0629 \u0644\u0645\u0644\u0641\u0627\u062a \u0627\u0644\u0627\u0643\u0627\u0634\u0627<\/a><\/h2>\t\t\t\t<\/div>\n\t\t\t\t<\/div>\n\t\t\t\t<div class=\"elementor-element elementor-element-0245450 elementor-widget elementor-widget-text-editor\" data-id=\"0245450\" data-element_type=\"widget\" data-widget_type=\"text-editor.default\">\n\t\t\t\t<div class=\"elementor-widget-container\">\n\t\t\t\t\t\t\t\t\t<p>\u0645\u0644\u0641\u0627\u062a \u0627\u0644\u0627\u0643\u0627\u0634\u0627 \u0647\u064a \u0630\u0627\u0643\u0631\u0629 \u0643\u0648\u0646\u064a\u0629 \u0644\u0644\u0648\u062c\u0648\u062f \u060c \u0645\u0633\u0627\u062d\u0629 \u0645\u062a\u0639\u062f\u062f\u0629 \u0627\u0644\u0627\u0628\u0639\u0627\u062f \u062d\u064a\u062b \u062a\u062d\u0641\u0638 \u0643\u0644 \u062a\u062c\u0627\u0631\u0628 \u0627\u0644\u0631\u0648\u062d \u0648\u062a\u0634\u0645\u0644 \u0645\u0639\u0627\u0631\u0641\u0646\u0627 \u0648 \u062a\u062c\u0627\u0631\u0628\u0646\u0627 \u0644\u062d\u064a\u0648\u0627\u062a \u0633\u0627\u0628\u0642\u0629 \u060c \u0627\u0644\u062d\u064a\u0627\u0629 \u0627\u0644\u062d\u0627\u0644\u064a\u0629 \u0648 \u0627\u062d\u062a\u0645\u0627\u0644\u0627\u062a \u0627\u0644\u0645\u0633\u062a\u0642\u0628\u0644 \u0627\u0644\u062a\u064a \u062a\u0645\u0644\u0643\u0647\u0627 \u0627\u0644\u0631\u0648\u062d \u0644\u063a\u0631\u0636 \u062a\u0637\u0648\u0631\u0647\u0627<\/p>\t\t\t\t\t\t\t\t<\/div>\n\t\t\t\t<\/div>\n\t\t\t\t<div class=\"elementor-element elementor-element-1939fa4 elementor-widget elementor-widget-button\" data-id=\"1939fa4\" data-element_type=\"widget\" data-widget_type=\"button.default\">\n\t\t\t\t<div class=\"elementor-widget-container\">\n\t\t\t\t\t\t\t\t\t<div class=\"elementor-button-wrapper\">\n\t\t\t\t\t<a class=\"elementor-button elementor-button-link elementor-size-md\" href=\"https:\/\/alianzatecnicasenergeticas.com\/ar\/lectura-registros-akashicos\/\">\n\t\t\t\t\t\t<span class=\"elementor-button-content-wrapper\">\n\t\t\t\t\t\t\t\t\t<span class=\"elementor-button-text\">\u0627\u0630\u0647\u0628 \u0625\u0644\u0649 \u0627\u0644\u0639\u0644\u0627\u062c<\/span>\n\t\t\t\t\t<\/span>\n\t\t\t\t\t<\/a>\n\t\t\t\t<\/div>\n\t\t\t\t\t\t\t\t<\/div>\n\t\t\t\t<\/div>\n\t\t\t\t<\/div>\n\t\t\t\t<\/div>\n\t\t\t\t\t<\/div>\n\t\t\t\t<\/div>\n\t\t<div class=\"elementor-element elementor-element-b7a45e1 e-flex e-con-boxed e-con e-child\" data-id=\"b7a45e1\" data-element_type=\"container\">\n\t\t\t\t\t<div class=\"e-con-inner\">\n\t\t<div class=\"elementor-element elementor-element-d977c35 e-con-full e-flex e-con e-child\" data-id=\"d977c35\" data-element_type=\"container\">\n\t\t\t\t<div class=\"elementor-element elementor-element-ed0ec50 inicio_img-ventana elementor-widget elementor-widget-image\" data-id=\"ed0ec50\" data-element_type=\"widget\" data-widget_type=\"image.default\">\n\t\t\t\t<div class=\"elementor-widget-container\">\n\t\t\t\t\t\t\t\t\t\t\t\t\t\t\t<img decoding=\"async\" width=\"800\" height=\"534\" src=\"https:\/\/alianzatecnicasenergeticas.com\/wp-content\/uploads\/2022\/12\/regresiva2-1024x683.webp\" class=\"attachment-large size-large wp-image-310\" alt=\"\" srcset=\"https:\/\/alianzatecnicasenergeticas.com\/wp-content\/uploads\/2022\/12\/regresiva2-1024x683.webp 1024w, https:\/\/alianzatecnicasenergeticas.com\/wp-content\/uploads\/2022\/12\/regresiva2-300x200.webp 300w, https:\/\/alianzatecnicasenergeticas.com\/wp-content\/uploads\/2022\/12\/regresiva2-768x512.webp 768w, https:\/\/alianzatecnicasenergeticas.com\/wp-content\/uploads\/2022\/12\/regresiva2-1536x1024.webp 1536w, https:\/\/alianzatecnicasenergeticas.com\/wp-content\/uploads\/2022\/12\/regresiva2-2048x1365.webp 2048w\" sizes=\"(max-width: 800px) 100vw, 800px\" \/>\t\t\t\t\t\t\t\t\t\t\t\t\t\t\t<\/div>\n\t\t\t\t<\/div>\n\t\t\t\t<\/div>\n\t\t<div class=\"elementor-element elementor-element-49543cf e-con-full e-flex e-con e-child\" data-id=\"49543cf\" data-element_type=\"container\">\n\t\t\t\t<div class=\"elementor-element elementor-element-09d4935 elementor-widget elementor-widget-heading\" data-id=\"09d4935\" data-element_type=\"widget\" data-widget_type=\"heading.default\">\n\t\t\t\t<div class=\"elementor-widget-container\">\n\t\t\t\t\t<h2 class=\"elementor-heading-title elementor-size-default\">\u0627\u0628\u062f\u0623 \u0637\u0631\u064a\u0642\u0643 \u0625\u0644\u0649 \u0627\u0644\u0627\u0646\u0633\u062c\u0627\u0645<\/h2>\t\t\t\t<\/div>\n\t\t\t\t<\/div>\n\t\t\t\t<div class=\"elementor-element elementor-element-3e1e6b4 elementor-align-center elementor-widget elementor-widget-button\" data-id=\"3e1e6b4\" data-element_type=\"widget\" data-widget_type=\"button.default\">\n\t\t\t\t<div class=\"elementor-widget-container\">\n\t\t\t\t\t\t\t\t\t<div class=\"elementor-button-wrapper\">\n\t\t\t\t\t<a class=\"elementor-button elementor-button-link elementor-size-md\" href=\"https:\/\/alianzatecnicasenergeticas.com\/ar\/cursos\/\">\n\t\t\t\t\t\t<span class=\"elementor-button-content-wrapper\">\n\t\t\t\t\t\t\t\t\t<span class=\"elementor-button-text\">\u062a\u0639\u0631\u0641 \u0639\u0644\u0649 \u0643\u0648\u0631\u0633\u0627\u062a\u0646\u0627<\/span>\n\t\t\t\t\t<\/span>\n\t\t\t\t\t<\/a>\n\t\t\t\t<\/div>\n\t\t\t\t\t\t\t\t<\/div>\n\t\t\t\t<\/div>\n\t\t\t\t<\/div>\n\t\t\t\t\t<\/div>\n\t\t\t\t<\/div>\n\t\t<div class=\"elementor-element elementor-element-08b61f2 e-flex e-con-boxed e-con e-child\" data-id=\"08b61f2\" data-element_type=\"container\">\n\t\t\t\t\t<div class=\"e-con-inner\">\n\t\t<div class=\"elementor-element elementor-element-b2072db e-con-full e-flex e-con e-child\" data-id=\"b2072db\" data-element_type=\"container\">\n\t\t\t\t<div class=\"elementor-element elementor-element-3d6f205 elementor-hidden-desktop elementor-hidden-tablet elementor-widget elementor-widget-image\" data-id=\"3d6f205\" data-element_type=\"widget\" data-widget_type=\"image.default\">\n\t\t\t\t<div class=\"elementor-widget-container\">\n\t\t\t\t\t\t\t\t\t\t\t\t\t\t\t<img decoding=\"async\" width=\"786\" height=\"7\" src=\"https:\/\/alianzatecnicasenergeticas.com\/wp-content\/uploads\/2022\/11\/SEPARADOR.svg\" class=\"attachment-large size-large wp-image-33\" alt=\"\" \/>\t\t\t\t\t\t\t\t\t\t\t\t\t\t\t<\/div>\n\t\t\t\t<\/div>\n\t\t\t\t<div class=\"elementor-element elementor-element-86cc527 elementor-widget elementor-widget-heading\" data-id=\"86cc527\" data-element_type=\"widget\" data-widget_type=\"heading.default\">\n\t\t\t\t<div class=\"elementor-widget-container\">\n\t\t\t\t\t<h2 class=\"elementor-heading-title elementor-size-default\">Shatha Luis Jirjis<\/h2>\t\t\t\t<\/div>\n\t\t\t\t<\/div>\n\t\t\t\t<\/div>\n\t\t<div class=\"elementor-element elementor-element-9d1d8d5 e-con-full e-flex e-con e-child\" data-id=\"9d1d8d5\" data-element_type=\"container\">\n\t\t\t\t<div class=\"elementor-element elementor-element-80888f3 elementor-widget elementor-widget-text-editor\" data-id=\"80888f3\" data-element_type=\"widget\" data-widget_type=\"text-editor.default\">\n\t\t\t\t<div class=\"elementor-widget-container\">\n\t\t\t\t\t\t\t\t\t<p>\u0631\u064a\u0643\u064a \u0645\u0627\u0633\u062a\u0631 \u060c \u0633\u064a\u062f \u062a\u0633\u062c\u064a\u0644\u0627\u062a akasic \u060c \u0623\u0642\u0648\u0645 \u0628\u062a\u062f\u0631\u064a\u0633 \u0645\u0633\u062a\u0648\u064a\u0627\u062a \u0633\u062c\u0644\u0627\u062a \u0627\u0644\u0631\u064a\u0643\u064a \u0648\u0627\u0644\u0623\u0643\u0627\u0633\u064a \u060c \u0648\u062c\u0644\u0633\u0627\u062a \u0627\u0644\u0631\u064a\u0643\u064a \u060c \u0648\u0627\u0644\u0627\u0633\u062a\u0634\u0627\u0631\u0627\u062a \u0627\u0644\u0623\u0643\u0627\u0633\u0643\u064a\u0629 \u060c \u0648\u0627\u0644\u0639\u0644\u0627\u062c \u0627\u0644\u0631\u062c\u0639\u064a.<\/p>\t\t\t\t\t\t\t\t<\/div>\n\t\t\t\t<\/div>\n\t\t\t\t<\/div>\n\t\t<div class=\"elementor-element elementor-element-dc1e4b8 e-con-full e-flex e-con e-child\" data-id=\"dc1e4b8\" data-element_type=\"container\">\n\t\t\t\t<div class=\"elementor-element elementor-element-d5e7cb1 elementor-widget elementor-widget-text-editor\" data-id=\"d5e7cb1\" data-element_type=\"widget\" data-widget_type=\"text-editor.default\">\n\t\t\t\t<div class=\"elementor-widget-container\">\n\t\t\t\t\t\t\t\t\t<p>\u0627\u0644\u0631\u064a\u0643\u064a \u0647\u064a \u062a\u0642\u0646\u064a\u0629 \u0634\u0641\u0627\u0621 \u0637\u0628\u064a\u0639\u064a\u0629 \u062a\u0639\u062a\u0645\u062f \u0639\u0644\u0649 \u062a\u0648\u062c\u064a\u0647 \u0627\u0644\u0637\u0627\u0642\u0629 \u0627\u0644\u0639\u0627\u0644\u0645\u064a\u0629 \u0644\u062a\u062d\u0642\u064a\u0642 \u0627\u0644\u062a\u0648\u0627\u0632\u0646 \u0628\u064a\u0646 \u0627\u0644\u062c\u0633\u0645 \u0648\u0627\u0644\u0639\u0642\u0644. \u0645\u0646 \u062e\u0644\u0627\u0644 \u062c\u0644\u0633\u0627\u062a Reiki \u060c \u0633\u0623\u0633\u0627\u0639\u062f\u0643 \u0639\u0644\u0649 \u0627\u0644\u062a\u062e\u0644\u0635 \u0645\u0646 \u0627\u0644\u062a\u0648\u062a\u0631 \u0648\u0627\u0644\u062a\u0648\u062a\u0631 \u0648\u0627\u0644\u0639\u0648\u0627\u0637\u0641 \u0627\u0644\u0633\u0644\u0628\u064a\u0629 \u060c \u0648\u062a\u062d\u0633\u064a\u0646 \u0631\u0641\u0627\u0647\u064a\u062a\u0643 \u0627\u0644\u0639\u0627\u0645\u0629.<\/p><p>\u0625\u0630\u0627 \u0643\u0646\u062a \u062a\u0628\u062d\u062b \u0639\u0646 \u0637\u0631\u064a\u0642 \u0646\u062d\u0648 \u0627\u0644\u062a\u0648\u0627\u0632\u0646 \u0648\u0627\u0644\u0631\u0641\u0627\u0647\u064a\u0629 \u0627\u0644\u062f\u0627\u062e\u0644\u064a\u0629 \u060c \u0641\u0644\u0627 \u062a\u062a\u0631\u062f\u062f \u0641\u064a \u0627\u0644\u0627\u062a\u0635\u0627\u0644 \u0628\u064a \u0648\u062a\u062d\u062f\u064a\u062f \u0645\u0648\u0639\u062f \u062c\u0644\u0633\u0629 \u0631\u064a\u0643\u064a. \u0633\u0623\u0643\u0648\u0646 \u0633\u0639\u064a\u062f\u064b\u0627 \u0644\u0645\u0633\u0627\u0639\u062f\u062a\u0643 \u0641\u064a \u0637\u0631\u064a\u0642\u0643 \u0625\u0644\u0649 \u0627\u0644\u0633\u0644\u0627\u0645 \u0648\u0627\u0644\u0648\u0626\u0627\u0645.<\/p>\t\t\t\t\t\t\t\t<\/div>\n\t\t\t\t<\/div>\n\t\t\t\t<\/div>\n\t\t<div class=\"elementor-element elementor-element-f6decdf e-con-full e-flex e-con e-child\" data-id=\"f6decdf\" data-element_type=\"container\">\n\t\t\t\t<div class=\"elementor-element elementor-element-d697b5e inicio_img-ventana elementor-widget elementor-widget-image\" data-id=\"d697b5e\" data-element_type=\"widget\" data-widget_type=\"image.default\">\n\t\t\t\t<div class=\"elementor-widget-container\">\n\t\t\t\t\t\t\t\t\t\t\t\t\t\t\t<img loading=\"lazy\" decoding=\"async\" width=\"576\" height=\"1024\" src=\"https:\/\/alianzatecnicasenergeticas.com\/wp-content\/uploads\/2022\/12\/xada.jpeg\" class=\"attachment-large size-large wp-image-306\" alt=\"xada\" srcset=\"https:\/\/alianzatecnicasenergeticas.com\/wp-content\/uploads\/2022\/12\/xada.jpeg 576w, https:\/\/alianzatecnicasenergeticas.com\/wp-content\/uploads\/2022\/12\/xada-169x300.jpeg 169w\" sizes=\"(max-width: 576px) 100vw, 576px\" \/>\t\t\t\t\t\t\t\t\t\t\t\t\t\t\t<\/div>\n\t\t\t\t<\/div>\n\t\t\t\t<div class=\"elementor-element elementor-element-7cdcb4b elementor-widget elementor-widget-image\" data-id=\"7cdcb4b\" data-element_type=\"widget\" data-widget_type=\"image.default\">\n\t\t\t\t<div class=\"elementor-widget-container\">\n\t\t\t\t\t\t\t\t\t\t\t\t\t\t\t<img decoding=\"async\" width=\"786\" height=\"7\" src=\"https:\/\/alianzatecnicasenergeticas.com\/wp-content\/uploads\/2022\/11\/SEPARADOR.svg\" class=\"attachment-large size-large wp-image-33\" alt=\"\" \/>\t\t\t\t\t\t\t\t\t\t\t\t\t\t\t<\/div>\n\t\t\t\t<\/div>\n\t\t\t\t<\/div>\n\t\t\t\t\t<\/div>\n\t\t\t\t<\/div>\n\t\t\t\t<\/div>\n\t\t\t\t<\/div>","protected":false},"excerpt":{"rendered":"<p>Reiki Alianza espa\u00f1oLa de t\u00e9cnicas energ\u00e9ticas Equilibra tu cuerpo y mente Cirugia Astral La cirug\u00eda astral es una t\u00e9cnica que ha sido utilizada por antiguas civilizaciones como los mayas, los antiguos egipcios y los atlantes, hoy en d\u00eda se usa una versi\u00f3n moderna con el reiki. Ir a terapia Sesiones de reiki El Reiki es [&hellip;]<\/p>","protected":false},"author":1,"featured_media":0,"parent":0,"menu_order":0,"comment_status":"closed","ping_status":"closed","template":"","meta":{"_joinchat":[],"footnotes":""},"class_list":["post-9","page","type-page","status-publish","hentry"],"_links":{"self":[{"href":"https:\/\/alianzatecnicasenergeticas.com\/ar\/wp-json\/wp\/v2\/pages\/9","targetHints":{"allow":["GET"]}}],"collection":[{"href":"https:\/\/alianzatecnicasenergeticas.com\/ar\/wp-json\/wp\/v2\/pages"}],"about":[{"href":"https:\/\/alianzatecnicasenergeticas.com\/ar\/wp-json\/wp\/v2\/types\/page"}],"author":[{"embeddable":true,"href":"https:\/\/alianzatecnicasenergeticas.com\/ar\/wp-json\/wp\/v2\/users\/1"}],"replies":[{"embeddable":true,"href":"https:\/\/alianzatecnicasenergeticas.com\/ar\/wp-json\/wp\/v2\/comments?post=9"}],"version-history":[{"count":0,"href":"https:\/\/alianzatecnicasenergeticas.com\/ar\/wp-json\/wp\/v2\/pages\/9\/revisions"}],"wp:attachment":[{"href":"https:\/\/alianzatecnicasenergeticas.com\/ar\/wp-json\/wp\/v2\/media?parent=9"}],"curies":[{"name":"wp","href":"https:\/\/api.w.org\/{rel}","templated":true}]}}